{"id":21127,"date":"2024-01-24T02:47:04","date_gmt":"2024-01-24T00:47:04","guid":{"rendered":"https:\/\/www.daruiestearipi.ro\/?page_id=21127"},"modified":"2024-01-25T15:21:23","modified_gmt":"2024-01-25T13:21:23","slug":"free-treatment-abroad","status":"publish","type":"page","link":"https:\/\/www.daruiestearipi.ro\/en\/free-treatment-abroad\/","title":{"rendered":"Free treatment abroad"},"content":{"rendered":"<section class=\"l-section wpb_row us_custom_c8af6cf6 height_medium\"><div class=\"l-section-h i-cf\"><div class=\"g-cols vc_row via_flex valign_top type_default stacking_default\"><div class=\"vc_col-sm-12 wpb_column vc_column_container\"><div class=\"vc_column-inner\"><div class=\"wpb_wrapper\"><div class=\"wpb_text_column\"><div class=\"wpb_wrapper\"><p style=\"text-align: center\"><strong>This page refers and is applicable to parents in Romania.<\/strong><\/p>\n<\/div><\/div><\/div><\/div><\/div><\/div><\/div><\/section><section class=\"l-section wpb_row us_custom_c8af6cf6 height_medium\"><div class=\"l-section-h i-cf\"><div class=\"g-cols vc_row via_flex valign_top type_default stacking_default\"><div class=\"vc_col-sm-12 wpb_column vc_column_container\"><div class=\"vc_column-inner\"><div class=\"wpb_wrapper\"><div class=\"wpb_text_column\"><div class=\"wpb_wrapper\"><p>\u00cen cazul \u00een care un tratament nu este disponibil (din varii motive) pentru pacient \u00een sistemul public de s\u0103n\u0103tate, acesta poate beneficia de decontare prin Casa Na\u021bional\u0103 de Asigur\u0103ri de S\u0103n\u0103tate sau prin Ministerul S\u0103n\u0103t\u0103\u021bii.\u00a0 \u00cen acest sens, pacien\u021bii au la dispozi\u021bie dou\u0103 modalit\u0103\u021bi de accesare a tratamentelor decontate de c\u0103tre stat.<\/p>\n<\/div><\/div><\/div><\/div><\/div><\/div><\/div><\/section><section class=\"l-section wpb_row us_custom_8c54f8b1 height_medium\"><div class=\"l-section-h i-cf\"><div class=\"g-cols vc_row via_flex valign_top type_default stacking_default\"><div class=\"vc_col-sm-12 wpb_column vc_column_container\"><div class=\"vc_column-inner\"><div class=\"wpb_wrapper\"><div class=\"wpb_text_column\"><div class=\"wpb_wrapper\"><h3>A. Formularul S2 (denumit anterior E112) \u2013 pentru tratament \u00een \u021b\u0103rile Uniunii Europene<\/h3>\n<p>Formularul S2 este eliberat de Casa Na\u021bional\u0103 de Asigur\u0103ri de S\u0103n\u0103tate, care acoper\u0103 direct costurile tratamentului \u00een alt\u0103 \u021bar\u0103 din Uniunea European\u0103, Elve\u021bia, Regatul Unit al Marii Britanii sau Irlanda de Nord. Plata pentru interventia facuta prin formular se va face de catre CNAS dupa externarea pacientului din clinica, in urma obtinerii facturii de la aceasta.<\/p>\n<p><strong>Pentru a fi eligibil<\/strong> pentru decontarea tratamentului prin formularul S2 trebuie \u00eendeplinite urm\u0103toarele condi\u021bii:<\/p>\n<ul>\n<li>tratamentul recomandat trebuie sa se regaseasca printre serviciile medicale prevazute in <a href=\"http:\/\/www.casan.ro\/page\/pachetul-de-servicii-medicale-de-baza-pentru-asistenta-medicala-spitaliceasca.html\" target=\"_blank\" rel=\"noopener noreferrer\">pachetul de servicii de baza<\/a> de care beneficiaza asiguratii din sistemul de asigurari sociale de sanatate din Romania<\/li>\n<li>serviciile medicale necesare nu pot fi acordate \u00eentr-un timp rezonabil \u00een \u021bara noastr\u0103, astfel \u00eenc\u00e2t via\u021ba pacientului s\u0103 nu fie \u00een pericol<\/li>\n<\/ul>\n<h6><a href=\"https:\/\/www.daruiestearipi.ro\/wp-content\/uploads\/2023\/11\/Pasii_de_urmat_pentru_Formularul_S2.pdf\" target=\"_blank\" rel=\"noopener noreferrer\">Pa\u0219ii de urmat pentru ob\u021binerea Formularului S2<\/a> (PDF)<\/h6>\n<\/div><\/div><\/div><\/div><\/div><\/div><\/div><\/section><!-- Row Backgrounds --><div class=\"upb_color\" data-bg-override=\"0\" data-bg-color=\"#f0f4f7\" data-fadeout=\"\" data-fadeout-percentage=\"30\" data-parallax-content=\"\" data-parallax-content-sense=\"30\" data-row-effect-mobile-disable=\"true\" data-img-parallax-mobile-disable=\"true\" data-rtl=\"false\"  data-custom-vc-row=\"\"  data-vc=\"7.9\"  data-is_old_vc=\"\"  data-theme-support=\"\"   data-overlay=\"false\" data-overlay-color=\"\" data-overlay-pattern=\"\" data-overlay-pattern-opacity=\"\" data-overlay-pattern-size=\"\"    ><\/div><section class=\"l-section wpb_row us_custom_772c5e35 height_medium\"><div class=\"l-section-h i-cf\"><div class=\"g-cols vc_row via_flex valign_top type_default stacking_default\"><div class=\"vc_col-sm-12 wpb_column vc_column_container\"><div class=\"vc_column-inner\"><div class=\"wpb_wrapper\"><div class=\"wpb_text_column\"><div class=\"wpb_wrapper\"><h3>B. Ordinul 1011 (denumit anterior 50) \u2013 pentru interven\u021bii care nu sunt \u00een pachetul de baz\u0103 al Casei de Asigur\u0103ri<\/h3>\n<p>Aceste interven\u021bii nu se efectueaz\u0103 \u00een spitalele publice din Rom\u00e2nia. Ordinul 1011 se poate pune \u00een aplicare oriunde \u00een lume \u0219i este eliberat de Ministerul S\u0103n\u0103t\u0103\u021bii.<\/p>\n<p><strong>Sunt eligibili<\/strong> pentru decontarea tratamentului \u00een str\u0103in\u0103tate prin <a href=\"https:\/\/legislatie.just.ro\/Public\/DetaliiDocument\/49432\" target=\"_blank\" rel=\"noopener noreferrer\">Ordinul 1011 (50)<\/a>:<\/p>\n<ul>\n<li>pacien\u021bii care sufer\u0103 de afec\u021biuni care nu pot fi tratate \u00een \u021bar\u0103, sunt \u00eenscri\u0219i pe lista unui medic de familie, au parcurs toate nivelurile de acordare a asisten\u021bei medicale, respectiv asisten\u021b\u0103 medical\u0103 primar\u0103, de specialitate, \u0219i care au fost spitaliza\u021bi \u00een unit\u0103\u021bi sanitare care ofer\u0103 servicii medicale de \u00eenalt\u0103 calitate profesional\u0103 \u0219i tehnic\u0103, dar a c\u0103ror s\u0103n\u0103tate nu a fost restabilit\u0103<\/li>\n<li>pacien\u021bii care necesit\u0103 efectuarea de transplant de organe, \u021besuturi sau celule de origine uman\u0103 \u0219i care prezint\u0103 \u0219i patologii asociate ce nu permit efectuarea interven\u021biei \u00een centrele acreditate din Rom\u00e2nia<\/li>\n<\/ul>\n<h6><a href=\"https:\/\/www.daruiestearipi.ro\/wp-content\/uploads\/2023\/11\/Pasii_de_urmat_pentru_Ordinul_1011.pdf\" target=\"_blank\" rel=\"noopener noreferrer\">Pa\u0219ii de urmat pentru ob\u021binerea tratamentului decontat prin Ordinul 1011<\/a> (PDF)<\/h6>\n<p><a href=\"http:\/\/www.casan.ro\/page\/tratament-planificat-in-alta-tara.html\" target=\"_blank\" rel=\"noopener noreferrer\">Mai multe detalii aici.<\/a><\/p>\n<\/div><\/div><\/div><\/div><\/div><\/div><\/div><\/section><!-- Row Backgrounds --><div class=\"upb_color\" data-bg-override=\"0\" data-bg-color=\"#f0f4f7\" data-fadeout=\"\" data-fadeout-percentage=\"30\" data-parallax-content=\"\" data-parallax-content-sense=\"30\" data-row-effect-mobile-disable=\"true\" data-img-parallax-mobile-disable=\"true\" data-rtl=\"false\"  data-custom-vc-row=\"\"  data-vc=\"7.9\"  data-is_old_vc=\"\"  data-theme-support=\"\"   data-overlay=\"false\" data-overlay-color=\"\" data-overlay-pattern=\"\" data-overlay-pattern-opacity=\"\" data-overlay-pattern-size=\"\"    ><\/div>\n","protected":false},"excerpt":{"rendered":"This page refers and is applicable to parents in Romania. \u00cen cazul \u00een care un tratament nu este disponibil (din varii motive) pentru pacient \u00een sistemul public de s\u0103n\u0103tate, acesta poate beneficia de decontare prin Casa Na\u021bional\u0103 de Asigur\u0103ri de S\u0103n\u0103tate sau prin Ministerul S\u0103n\u0103t\u0103\u021bii.\u00a0 \u00cen acest sens, pacien\u021bii au la dispozi\u021bie dou\u0103 modalit\u0103\u021bi de...","protected":false},"author":1,"featured_media":0,"parent":0,"menu_order":0,"comment_status":"closed","ping_status":"closed","template":"","meta":{"footnotes":""},"class_list":["post-21127","page","type-page","status-publish","hentry"],"_links":{"self":[{"href":"https:\/\/www.daruiestearipi.ro\/en\/wp-json\/wp\/v2\/pages\/21127"}],"collection":[{"href":"https:\/\/www.daruiestearipi.ro\/en\/wp-json\/wp\/v2\/pages"}],"about":[{"href":"https:\/\/www.daruiestearipi.ro\/en\/wp-json\/wp\/v2\/types\/page"}],"author":[{"embeddable":true,"href":"https:\/\/www.daruiestearipi.ro\/en\/wp-json\/wp\/v2\/users\/1"}],"replies":[{"embeddable":true,"href":"https:\/\/www.daruiestearipi.ro\/en\/wp-json\/wp\/v2\/comments?post=21127"}],"version-history":[{"count":5,"href":"https:\/\/www.daruiestearipi.ro\/en\/wp-json\/wp\/v2\/pages\/21127\/revisions"}],"predecessor-version":[{"id":21220,"href":"https:\/\/www.daruiestearipi.ro\/en\/wp-json\/wp\/v2\/pages\/21127\/revisions\/21220"}],"wp:attachment":[{"href":"https:\/\/www.daruiestearipi.ro\/en\/wp-json\/wp\/v2\/media?parent=21127"}],"curies":[{"name":"wp","href":"https:\/\/api.w.org\/{rel}","templated":true}]}}