{"id":21131,"date":"2024-01-24T02:48:31","date_gmt":"2024-01-24T00:48:31","guid":{"rendered":"https:\/\/www.daruiestearipi.ro\/?page_id=21131"},"modified":"2024-01-25T15:21:06","modified_gmt":"2024-01-25T13:21:06","slug":"rights-opportunities-benefits","status":"publish","type":"page","link":"https:\/\/www.daruiestearipi.ro\/en\/rights-opportunities-benefits\/","title":{"rendered":"Rights, opportunities, benefits"},"content":{"rendered":"<p style=\"text-align: center\"><span data-contrast=\"auto\"><strong>This page refers and is applicable to parents in Romania.<\/strong><\/span><span data-ccp-props=\"{&quot;134233118&quot;:false,&quot;201341983&quot;:0,&quot;335551550&quot;:6,&quot;335551620&quot;:6,&quot;335559739&quot;:160,&quot;335559740&quot;:257}\">\u00a0<\/span><\/p>\n<section class=\"l-section wpb_row height_medium\"><div class=\"l-section-h i-cf\"><div class=\"g-cols vc_row via_flex valign_top type_default stacking_default\"><div class=\"vc_col-sm-12 wpb_column vc_column_container\"><div class=\"vc_column-inner\"><div class=\"wpb_wrapper\"><div class=\"wpb_text_column\"><div class=\"wpb_wrapper\"><h6><a href=\"https:\/\/www.daruiestearipi.ro\/wp-content\/uploads\/2023\/11\/Cum_obtii_certificatul_de_handicap.pdf\" target=\"_blank\" rel=\"noopener noreferrer\">Cum ob\u021bii certificatul de handicap?<\/a> (PDF)<\/h6>\n<p>Documentul con\u021bine toate informa\u021biile necesare pentru ob\u021binerea certificatului de \u00eencadrare \u00een grad de handicap sau a accesului la servicii de abilitare \u0219i reabilitare a minorului.<\/p>\n<hr \/>\n<h6><a href=\"https:\/\/www.daruiestearipi.ro\/wp-content\/uploads\/2023\/11\/Drepturi_pentru_familiile_cu_copii_bolnavi.pdf\" target=\"_blank\" rel=\"noopener noreferrer\">Drepturi \u0219i facilit\u0103\u021bi pentru familiile cu copii bolnavi<\/a> (PDF)<\/h6>\n<p>Documentul con\u021bine informa\u021bii despre drepturile \u0219i facilit\u0103\u021bile oferite pentru familiile cu copii bolnavi.<\/p>\n<hr \/>\n<h6><a href=\"https:\/\/www.daruiestearipi.ro\/wp-content\/uploads\/2023\/11\/Beneficii_pentru_familiile_copiilor_bolnavi.pdf\" target=\"_blank\" rel=\"noopener noreferrer\">Beneficii pentru familiile cu copii bolnavi<\/a> (PDF)<\/h6>\n<p>Documentul con\u021bine informa\u021bii despre acordarea burselor sociale pentru motive medicale \u0219i Aloca\u021bia pentru Sus\u021binerea Familiei (ASF).<\/p>\n<hr \/>\n<h6><a href=\"https:\/\/www.daruiestearipi.ro\/wp-content\/uploads\/2023\/11\/Copiii_cu_CES.pdf\" target=\"_blank\" rel=\"noopener noreferrer\">Copiii cu CES<\/a> (PDF)<\/h6>\n<p>Informa\u021bii despre documentele necesare pentru eliberarea certificatului de orientare \u015fcolar\u0103 \u015fi profesional\u0103.<\/p>\n<\/div><\/div><\/div><\/div><\/div><\/div><\/div><\/section>\n","protected":false},"excerpt":{"rendered":"<p>This page refers and is applicable to parents in Romania.\u00a0<\/p>\n","protected":false},"author":1,"featured_media":0,"parent":0,"menu_order":0,"comment_status":"closed","ping_status":"closed","template":"","meta":{"footnotes":""},"class_list":["post-21131","page","type-page","status-publish","hentry"],"_links":{"self":[{"href":"https:\/\/www.daruiestearipi.ro\/en\/wp-json\/wp\/v2\/pages\/21131"}],"collection":[{"href":"https:\/\/www.daruiestearipi.ro\/en\/wp-json\/wp\/v2\/pages"}],"about":[{"href":"https:\/\/www.daruiestearipi.ro\/en\/wp-json\/wp\/v2\/types\/page"}],"author":[{"embeddable":true,"href":"https:\/\/www.daruiestearipi.ro\/en\/wp-json\/wp\/v2\/users\/1"}],"replies":[{"embeddable":true,"href":"https:\/\/www.daruiestearipi.ro\/en\/wp-json\/wp\/v2\/comments?post=21131"}],"version-history":[{"count":5,"href":"https:\/\/www.daruiestearipi.ro\/en\/wp-json\/wp\/v2\/pages\/21131\/revisions"}],"predecessor-version":[{"id":21219,"href":"https:\/\/www.daruiestearipi.ro\/en\/wp-json\/wp\/v2\/pages\/21131\/revisions\/21219"}],"wp:attachment":[{"href":"https:\/\/www.daruiestearipi.ro\/en\/wp-json\/wp\/v2\/media?parent=21131"}],"curies":[{"name":"wp","href":"https:\/\/api.w.org\/{rel}","templated":true}]}}