{"id":8668,"date":"2015-10-15T18:33:20","date_gmt":"2015-10-15T15:33:20","guid":{"rendered":"https:\/\/www.daruiestearipi.ro\/en\/?page_id=8668"},"modified":"2025-04-04T04:55:10","modified_gmt":"2025-04-04T01:55:10","slug":"contact-us","status":"publish","type":"page","link":"https:\/\/www.daruiestearipi.ro\/en\/contact-us\/","title":{"rendered":"Contact Us"},"content":{"rendered":"<section class=\"l-section wpb_row us_custom_19737bc8 height_medium\"><div class=\"l-section-h i-cf\"><div class=\"g-cols vc_row via_flex valign_top type_default stacking_default\"><div class=\"vc_col-sm-12 wpb_column vc_column_container\"><div class=\"vc_column-inner\"><div class=\"wpb_wrapper\"><div class=\"w-iconbox iconpos_left style_default color_primary align_center no_text\"><a href=\"mailto:info@daruiestearipi.ro\" class=\"w-iconbox-link\" aria-label=\"info@daruiestearipi.ro\"><div class=\"w-iconbox-icon\" style=\"font-size:2rem;\"><i class=\"fas fa-envelope\"><\/i><\/div><\/a><div class=\"w-iconbox-meta\"><a href=\"mailto:info@daruiestearipi.ro\" class=\"w-iconbox-link\" aria-label=\"info@daruiestearipi.ro\"><h6 class=\"w-iconbox-title\">info@daruiestearipi.ro<\/h6><\/a><\/div><\/div><div class=\"w-separator us_custom_06416c71 size_custom with_line width_default thick_1 style_solid color_border align_center\" style=\"height:3px\"><div class=\"w-separator-h\"><\/div><\/div><\/div><\/div><\/div><\/div><\/div><\/section><section class=\"l-section wpb_row us_custom_2e605341 height_medium\"><div class=\"l-section-h i-cf\"><div class=\"g-cols vc_row via_flex valign_top type_default stacking_default\"><div class=\"vc_col-sm-6 wpb_column vc_column_container\"><div class=\"vc_column-inner\"><div class=\"wpb_wrapper\"><div class=\"wpb_text_column\"><div class=\"wpb_wrapper\"><p><strong>DARUIESTE ARIPI &#8211; BUCHAREST OFFICE<\/strong><\/p>\n<p><strong>Alina P\u0103tr\u0103h\u0103u<\/strong>, Founder<br \/>\n+40 723 215 387<br \/>\n<a href=\"mailto:alina@daruiestearipi.ro\">alina@daruiestearipi.ro<\/a><\/p>\n<p><strong>Claudia Polivanov<\/strong>, Fundraising<br \/>\n+40 744 528 720<br \/>\n<a href=\"mailto:alina@daruiestearipi.ro\">claudia@daruiestearipi.ro<\/a><\/p>\n<p><strong>POSTAL ADDRESS<\/strong>:<br \/>\n91-111 Calea Floreasca<br \/>\nBuilding F1, Entrance 1, Apt. 2, intercom 2,<br \/>\nBucharest, Sector 1, 014455<\/p>\n<\/div><\/div>[vc_raw_html]JTNDaWZyYW1lJTIwc3JjJTNEJTIyaHR0cHMlM0ElMkYlMkZ3d3cuZ29vZ2xlLmNvbSUyRm1hcHMlMkZlbWJlZCUzRnBiJTNEJTIxMW0xOCUyMTFtMTIlMjExbTMlMjExZDI4NDcuNzA3NTgxNjY1NDY1JTIxMmQyNi4wOTkyMzAzNzA3Mjk3NDIlMjEzZDQ0LjQ1OTY2NzAxOTc3NTkzNSUyMTJtMyUyMTFmMCUyMTJmMCUyMTNmMCUyMTNtMiUyMTFpMTAyNCUyMTJpNzY4JTIxNGYxMy4xJTIxM20zJTIxMW0yJTIxMXMweDQwYjFmOWE1MWVjNDM5ZDMlMjUzQTB4ZTVmN2U3MGU0N2E2MjdhZCUyMTJzQ2FsZWElMjUyMEZsb3JlYXNjYSUyNTIwOTEtMTExJTI1MkMlMjUyMEJ1Y3VyZSUyNUM4JTI1OTl0aSUyNTIwMDE0NDU1JTIxNWUwJTIxM20yJTIxMXNlbiUyMTJzcm8lMjE0djE2NzM4MjI4MzE1ODklMjE1bTIlMjExc2VuJTIxMnNybyUyMiUyMHdpZHRoJTNEJTIyMTAwJTI1JTIyJTIwaGVpZ2h0JTNEJTIyNDEwJTIyJTIwc3R5bGUlM0QlMjJib3JkZXIlM0EwJTNCJTIyJTIwYWxsb3dmdWxsc2NyZWVuJTNEJTIyJTIyJTIwbG9hZGluZyUzRCUyMmxhenklMjIlMjByZWZlcnJlcnBvbGljeSUzRCUyMm5vLXJlZmVycmVyLXdoZW4tZG93bmdyYWRlJTIyJTNFJTNDJTJGaWZyYW1lJTNF[\/vc_raw_html]<\/div><\/div><\/div><div class=\"vc_col-sm-6 wpb_column vc_column_container\"><div class=\"vc_column-inner\"><div class=\"wpb_wrapper\"><div class=\"wpb_text_column\"><div class=\"wpb_wrapper\"><p><strong>DARUIESTE ARIPI &#8211; CONSTANTA OFFICE<br \/>\n<\/strong><\/p>\n<p><strong>Diana Badea<\/strong>, Administrative Director<br \/>\n+40 720 227 169<br \/>\n<a href=\"mailto:diana@daruiestearipi.ro\">diana@daruiestearipi.ro<\/a><\/p>\n<p><strong>Ana-Maria Toma<\/strong>, Project Manager<br \/>\n+40 745 864 034<br \/>\n<a href=\"mailto:ana@daruiestearipi.ro\">ana@daruiestearipi.ro<\/a><\/p>\n<p><strong>POSTAL ADDRESS:<\/strong><br \/>\n26 Tepes Voda St. Apt. 2<br \/>\nConstanta, CP 900189<\/p>\n<\/div><\/div><div class=\"w-separator size_custom\" style=\"height:26px\" id=\"d698\"><style>@media(max-width:1024px){ #d698{height:0!important}}@media(max-width:600px){ #d698{height:0!important}}<\/style><\/div>[vc_raw_html]JTNDaWZyYW1lJTIwc3JjJTNEJTIyaHR0cHMlM0ElMkYlMkZ3d3cuZ29vZ2xlLmNvbSUyRm1hcHMlMkZlbWJlZCUzRnBiJTNEJTIxMW0xOCUyMTFtMTIlMjExbTMlMjExZDI4NjEuMjc5MzkzMzA2MDEzJTIxMmQyOC42Mzc2MDU1OTg1MTE5MDclMjEzZDQ0LjE4MDcxMDAxNDI4Mjc2JTIxMm0zJTIxMWYwJTIxMmYwJTIxM2YwJTIxM20yJTIxMWkxMDI0JTIxMmk3NjglMjE0ZjEzLjElMjEzbTMlMjExbTIlMjExczB4NDBiYWU1NDgzNGYwNjNkYiUyNTNBMHg4NjU0OTJhZmVkMjAwMmEzJTIxMnNTdHIuJTI1MjBUZXBlcyUyNTIwVm9kJTI1QzQlMjU4MyUyNTIwMjYlMjUyQyUyNTIwQ29uc3RhbiUyNUM4JTI1OUJhJTI1MjA5MDAxNzglMjE1ZTAlMjEzbTIlMjExc2VuJTIxMnNybyUyMTR2MTczMjA0MzM5Mzk4MSUyMTVtMiUyMTFzZW4lMjEyc3JvJTIyJTIwd2lkdGglM0QlMjIxMDAlMjUlMjIlMjBoZWlnaHQlM0QlMjI0MTAlMjIlMjBzdHlsZSUzRCUyMmJvcmRlciUzQTAlM0IlMjIlMjBhbGxvd2Z1bGxzY3JlZW4lM0QlMjIlMjIlMjBsb2FkaW5nJTNEJTIybGF6eSUyMiUyMHJlZmVycmVycG9saWN5JTNEJTIybm8tcmVmZXJyZXItd2hlbi1kb3duZ3JhZGUlMjIlM0UlM0MlMkZpZnJhbWUlM0U=[\/vc_raw_html]<\/div><\/div><\/div><\/div><\/div><\/section>\n","protected":false},"excerpt":{"rendered":"info@daruiestearipi.roDARUIESTE ARIPI &#8211; BUCHAREST OFFICE Alina P\u0103tr\u0103h\u0103u, Founder +40 723 215 387 alina@daruiestearipi.ro Claudia Polivanov, Fundraising +40 744 528 720 claudia@daruiestearipi.ro POSTAL ADDRESS: 91-111 Calea Floreasca Building F1, Entrance 1, Apt. 2, intercom 2, Bucharest, Sector 1, 014455 [vc_raw_html]JTNDaWZyYW1lJTIwc3JjJTNEJTIyaHR0cHMlM0ElMkYlMkZ3d3cuZ29vZ2xlLmNvbSUyRm1hcHMlMkZlbWJlZCUzRnBiJTNEJTIxMW0xOCUyMTFtMTIlMjExbTMlMjExZDI4NDcuNzA3NTgxNjY1NDY1JTIxMmQyNi4wOTkyMzAzNzA3Mjk3NDIlMjEzZDQ0LjQ1OTY2NzAxOTc3NTkzNSUyMTJtMyUyMTFmMCUyMTJmMCUyMTNmMCUyMTNtMiUyMTFpMTAyNCUyMTJpNzY4JTIxNGYxMy4xJTIxM20zJTIxMW0yJTIxMXMweDQwYjFmOWE1MWVjNDM5ZDMlMjUzQTB4ZTVmN2U3MGU0N2E2MjdhZCUyMTJzQ2FsZWElMjUyMEZsb3JlYXNjYSUyNTIwOTEtMTExJTI1MkMlMjUyMEJ1Y3VyZSUyNUM4JTI1OTl0aSUyNTIwMDE0NDU1JTIxNWUwJTIxM20yJTIxMXNlbiUyMTJzcm8lMjE0djE2NzM4MjI4MzE1ODklMjE1bTIlMjExc2VuJTIxMnNybyUyMiUyMHdpZHRoJTNEJTIyMTAwJTI1JTIyJTIwaGVpZ2h0JTNEJTIyNDEwJTIyJTIwc3R5bGUlM0QlMjJib3JkZXIlM0EwJTNCJTIyJTIwYWxsb3dmdWxsc2NyZWVuJTNEJTIyJTIyJTIwbG9hZGluZyUzRCUyMmxhenklMjIlMjByZWZlcnJlcnBvbGljeSUzRCUyMm5vLXJlZmVycmVyLXdoZW4tZG93bmdyYWRlJTIyJTNFJTNDJTJGaWZyYW1lJTNF[\/vc_raw_html]DARUIESTE ARIPI &#8211; CONSTANTA OFFICE Diana Badea, Administrative Director +40 720 227 169 diana@daruiestearipi.ro Ana-Maria Toma, Project...","protected":false},"author":1,"featured_media":0,"parent":0,"menu_order":0,"comment_status":"closed","ping_status":"closed","template":"","meta":{"footnotes":""},"class_list":["post-8668","page","type-page","status-publish","hentry"],"_links":{"self":[{"href":"https:\/\/www.daruiestearipi.ro\/en\/wp-json\/wp\/v2\/pages\/8668"}],"collection":[{"href":"https:\/\/www.daruiestearipi.ro\/en\/wp-json\/wp\/v2\/pages"}],"about":[{"href":"https:\/\/www.daruiestearipi.ro\/en\/wp-json\/wp\/v2\/types\/page"}],"author":[{"embeddable":true,"href":"https:\/\/www.daruiestearipi.ro\/en\/wp-json\/wp\/v2\/users\/1"}],"replies":[{"embeddable":true,"href":"https:\/\/www.daruiestearipi.ro\/en\/wp-json\/wp\/v2\/comments?post=8668"}],"version-history":[{"count":25,"href":"https:\/\/www.daruiestearipi.ro\/en\/wp-json\/wp\/v2\/pages\/8668\/revisions"}],"predecessor-version":[{"id":23648,"href":"https:\/\/www.daruiestearipi.ro\/en\/wp-json\/wp\/v2\/pages\/8668\/revisions\/23648"}],"wp:attachment":[{"href":"https:\/\/www.daruiestearipi.ro\/en\/wp-json\/wp\/v2\/media?parent=8668"}],"curies":[{"name":"wp","href":"https:\/\/api.w.org\/{rel}","templated":true}]}}